{"id":316,"date":"2017-10-21T15:43:41","date_gmt":"2017-10-21T15:43:41","guid":{"rendered":"https:\/\/lepoulbot.com\/?page_id=316"},"modified":"2017-12-02T19:52:02","modified_gmt":"2017-12-02T18:52:02","slug":"blog-du-restaurant-le-poulbot","status":"publish","type":"page","link":"https:\/\/lepoulbot.com\/en\/blog-du-restaurant-le-poulbot\/","title":{"rendered":"Blog"},"content":{"rendered":"<p>[et_pb_section bb_built=&#8221;1&#8243; fullwidth=&#8221;off&#8221; specialty=&#8221;off&#8221; transparent_background=&#8221;off&#8221; background_color=&#8221;#ffffff&#8221; parallax_method=&#8221;off&#8221; custom_padding_tablet=&#8221;50px|0|50px|0&#8243; custom_padding_last_edited=&#8221;on|desktop&#8221; _builder_version=&#8221;3.0.83&#8243;][et_pb_row _builder_version=&#8221;3.0.83&#8243;][et_pb_column type=&#8221;4_4&#8243;][et_pb_text background_layout=&#8221;light&#8221; text_orientation=&#8221;center&#8221; module_alignment=&#8221;center&#8221; background_position=&#8221;top_left&#8221; background_repeat=&#8221;repeat&#8221; background_size=&#8221;initial&#8221; _builder_version=&#8221;3.0.83&#8243;]<\/p>\n<h2>Poulbot Blog<\/h2>\n<p>[\/et_pb_text][et_pb_image src=&#8221;https:\/\/cty.hju.mybluehost.me\/wp-content\/uploads\/2017\/10\/Swirl_Seperator_2_Gold.png&#8221; show_in_lightbox=&#8221;off&#8221; url_new_window=&#8221;off&#8221; use_overlay=&#8221;off&#8221; animation=&#8221;bottom&#8221; sticky=&#8221;on&#8221; align=&#8221;center&#8221; force_fullwidth=&#8221;off&#8221; always_center_on_mobile=&#8221;on&#8221; max_width=&#8221;300px&#8221; animation_direction=&#8221;bottom&#8221; animation_style=&#8221;slide&#8221; animation_duration=&#8221;500ms&#8221; animation_intensity_slide=&#8221;10%&#8221; show_bottom_space=&#8221;off&#8221; _builder_version=&#8221;3.0.83&#8243; \/][\/et_pb_column][\/et_pb_row][\/et_pb_section][et_pb_section bb_built=&#8221;1&#8243; admin_label=&#8221;section&#8221;][et_pb_row admin_label=&#8221;row&#8221; background_position=&#8221;top_left&#8221; background_repeat=&#8221;repeat&#8221; background_size=&#8221;initial&#8221;][et_pb_column type=&#8221;4_4&#8243;][et_pb_blog fullwidth=&#8221;off&#8221; posts_number=&#8221;6&#8243; show_thumbnail=&#8221;on&#8221; show_content=&#8221;off&#8221; show_more=&#8221;on&#8221; show_author=&#8221;off&#8221; show_date=&#8221;on&#8221; show_categories=&#8221;on&#8221; show_comments=&#8221;off&#8221; show_pagination=&#8221;on&#8221; use_overlay=&#8221;off&#8221; background_layout=&#8221;light&#8221; masonry_tile_background_color=&#8221;#f7f7f7&#8243; use_dropshadow=&#8221;off&#8221; use_border_color=&#8221;on&#8221; border_width=&#8221;0px&#8221; _builder_version=&#8221;3.0.83&#8243; pagination_font_size_tablet=&#8221;51&#8243; pagination_line_height_tablet=&#8221;2&#8243; \/][\/et_pb_column][\/et_pb_row][\/et_pb_section][et_pb_section bb_built=&#8221;1&#8243; admin_label=&#8221;Section inline optin June2017&#8243; fullwidth=&#8221;off&#8221; specialty=&#8221;off&#8221; background_color=&#8221;#c7aa4e&#8221; custom_padding=&#8221;0px||0px|&#8221; _builder_version=&#8221;3.0.83&#8243;][et_pb_row background_color=&#8221;#c7aa4e&#8221; parallax_method_1=&#8221;off&#8221; parallax_method_2=&#8221;off&#8221; background_position=&#8221;top_left&#8221; background_repeat=&#8221;repeat&#8221; background_size=&#8221;initial&#8221; _builder_version=&#8221;3.0.83&#8243; background_position_1=&#8221;top_left&#8221; background_repeat_1=&#8221;no-repeat&#8221; background_position_2=&#8221;top_left&#8221; background_repeat_2=&#8221;no-repeat&#8221;][et_pb_column type=&#8221;1_2&#8243;][et_pb_text admin_label=&#8221;Texte Inscrivez-vous &#8221; background_layout=&#8221;dark&#8221; module_class=&#8221;slim-optin-text&#8221; disabled=&#8221;off&#8221; disabled_on=&#8221;off|off|off&#8221; text_font=&#8221;|on|||&#8221; text_font_size=&#8221;22&#8243; custom_padding=&#8221;20px|||&#8221; background_position=&#8221;top_left&#8221; background_repeat=&#8221;repeat&#8221; background_size=&#8221;initial&#8221; _builder_version=&#8221;3.0.83&#8243; background_color=&#8221;#c7aa4e&#8221; text_text_color=&#8221;rgba(0,0,0,0.69)&#8221;]<\/p>\n<p><span style=\"color: #ffffff;\">Venez d\u00e9couvrir ou suivre notre actualit\u00e9, nos soir\u00e9es \u00e0 th\u00e8me, nos coups de c\u0153ur et autres \u00e9v\u00e8nements. Abonnez-vous au Blog du Poulbot pour vous tenir inform\u00e9.<\/span><\/p>\n<p><strong><span style=\"color: #ffffff;\">\u00a0<\/span><\/strong><\/p>\n<p>[\/et_pb_text][\/et_pb_column][et_pb_column type=&#8221;1_2&#8243;][et_pb_signup _builder_version=&#8221;3.0.83&#8243; button_text=&#8221;S&#8217;abonner&#8221; use_background_color=&#8221;off&#8221; activecampaign_list=&#8221;|none&#8221; aweber_list=&#8221;|none&#8221; campaign_monitor_list=&#8221;|none&#8221; constant_contact_list=&#8221;|none&#8221; convertkit_list=&#8221;|none&#8221; emma_list=&#8221;|none&#8221; feedblitz_list=&#8221;|none&#8221; getresponse_list=&#8221;|none&#8221; hubspot_list=&#8221;|none&#8221; icontact_list=&#8221;|none&#8221; infusionsoft_list=&#8221;|none&#8221; madmimi_list=&#8221;|none&#8221; mailchimp_list=&#8221;blog@poulbot.com|2e2274ec9d&#8221; mailerlite_list=&#8221;|none&#8221; mailpoet_list=&#8221;|none&#8221; mailster_list=&#8221;|none&#8221; ontraport_list=&#8221;|none&#8221; salesforce_list=&#8221;|none&#8221; sendinblue_list=&#8221;|none&#8221; use_focus_border_color=&#8221;off&#8221; focus_border_color=&#8221;#ffffff&#8221; background_layout=&#8221;dark&#8221; result_message_font_size_tablet=&#8221;51&#8243; result_message_line_height_tablet=&#8221;2&#8243; custom_button=&#8221;on&#8221; button_icon_placement=&#8221;right&#8221; background_color=&#8221;rgba(199,170,78,0.45)&#8221; success_message=&#8221;Vous avez joint la liste du POULBOT avec succ\u00e8s !&#8221; button_text_color=&#8221;#ffffff&#8221; button_bg_color=&#8221;#7b600c&#8221; \/][\/et_pb_column][\/et_pb_row][\/et_pb_section]<\/p>\n","protected":false},"excerpt":{"rendered":"<p>Poulbot Blog Venez d\u00e9couvrir ou suivre notre actualit\u00e9, nos soir\u00e9es \u00e0 th\u00e8me, nos coups de c\u0153ur et autres \u00e9v\u00e8nements. Abonnez-vous au Blog du Poulbot pour vous tenir inform\u00e9. \u00a0<\/p>","protected":false},"author":2,"featured_media":0,"parent":0,"menu_order":0,"comment_status":"closed","ping_status":"closed","template":"","meta":{"nf_dc_page":"","_et_pb_use_builder":"on","_et_pb_old_content":"","_et_gb_content_width":"","footnotes":""},"class_list":["post-316","page","type-page","status-publish","hentry"],"yoast_head":"<!-- This site is optimized with the Yoast SEO Premium plugin v26.4 (Yoast SEO v27.4) - https:\/\/yoast.com\/product\/yoast-seo-premium-wordpress\/ -->\n<title>Blog du restaurant \u00abLE POULBOT\u00bb, Paris (75018), \u00e0 Montmartre<\/title>\n<meta name=\"description\" content=\"Venez d\u00e9couvrir ou suivre notre actualit\u00e9, nos soir\u00e9es \u00e0 th\u00e8me, nos coups de c\u0153ur et \u00e9v\u00e8nements. Abonnez-vous au Blog du Poulbot pour vous tenir inform\u00e9\" \/>\n<meta name=\"robots\" content=\"index, follow, max-snippet:-1, max-image-preview:large, max-video-preview:-1\" \/>\n<link rel=\"canonical\" href=\"https:\/\/lepoulbot.com\/en\/blog-du-restaurant-le-poulbot\/\" \/>\n<meta property=\"og:locale\" content=\"en_GB\" \/>\n<meta property=\"og:type\" content=\"article\" \/>\n<meta property=\"og:title\" content=\"Blog\" \/>\n<meta property=\"og:description\" content=\"Le Poulbot est un restaurant traditionnel fran\u00e7ais situ\u00e9 \u00e0 Montmartre, proche du Sacr\u00e9-C\u0153ur. Nous proposons une cuisine de bistro faite maison, inspir\u00e9e des sp\u00e9cialit\u00e9s r\u00e9gionales fran\u00e7aises : confit de canard, boeuf Bourguignon, escargots, soupe \u00e0 l&#039;oignon, cr\u00e8me br\u00fbl\u00e9e. Chaque assiette rend hommage \u00e0 la gastronomie fran\u00e7aise. Profitez de notre terrasse rue Poulbot \u00e0 la belle saison. Une adresse authentique pour savourer la gastronomie fran\u00e7aise \u00e0 Paris 18e en service continu. D\u00e9couvrez notre s\u00e9lection de vins natures pour accompagner votre assiette. Nous sommes ouverts \u00e0 la privatisation !\" \/>\n<meta property=\"og:url\" content=\"https:\/\/lepoulbot.com\/en\/blog-du-restaurant-le-poulbot\/\" \/>\n<meta property=\"og:site_name\" content=\"Le Poulbot\" \/>\n<meta property=\"article:publisher\" content=\"https:\/\/www.facebook.com\/LePoulbotMontmartre\/\" \/>\n<meta property=\"article:modified_time\" content=\"2017-12-02T18:52:02+00:00\" \/>\n<meta property=\"og:image\" content=\"https:\/\/i0.wp.com\/lepoulbot.com\/wp-content\/uploads\/2025\/06\/IMG_81567A23EA7F-1.png?fit=878%2C867&ssl=1\" \/>\n\t<meta property=\"og:image:width\" content=\"878\" \/>\n\t<meta property=\"og:image:height\" content=\"867\" \/>\n\t<meta property=\"og:image:type\" content=\"image\/png\" \/>\n<meta name=\"twitter:card\" content=\"summary_large_image\" \/>\n<meta name=\"twitter:label1\" content=\"Estimated reading time\" \/>\n\t<meta name=\"twitter:data1\" content=\"3 minutes\" \/>\n<script type=\"application\/ld+json\" class=\"yoast-schema-graph\">{\"@context\":\"https:\\\/\\\/schema.org\",\"@graph\":[{\"@type\":\"WebPage\",\"@id\":\"https:\\\/\\\/lepoulbot.com\\\/blog-du-restaurant-le-poulbot\\\/\",\"url\":\"https:\\\/\\\/lepoulbot.com\\\/blog-du-restaurant-le-poulbot\\\/\",\"name\":\"Blog du restaurant \u00abLE POULBOT\u00bb, Paris (75018), \u00e0 Montmartre\",\"isPartOf\":{\"@id\":\"https:\\\/\\\/lepoulbot.com\\\/#website\"},\"datePublished\":\"2017-10-21T15:43:41+00:00\",\"dateModified\":\"2017-12-02T18:52:02+00:00\",\"description\":\"Venez d\u00e9couvrir ou suivre notre actualit\u00e9, nos soir\u00e9es \u00e0 th\u00e8me, nos coups de c\u0153ur et \u00e9v\u00e8nements. Abonnez-vous au Blog du Poulbot pour vous tenir inform\u00e9\",\"breadcrumb\":{\"@id\":\"https:\\\/\\\/lepoulbot.com\\\/blog-du-restaurant-le-poulbot\\\/#breadcrumb\"},\"inLanguage\":\"en-GB\",\"potentialAction\":[{\"@type\":\"ReadAction\",\"target\":[\"https:\\\/\\\/lepoulbot.com\\\/blog-du-restaurant-le-poulbot\\\/\"]}]},{\"@type\":\"BreadcrumbList\",\"@id\":\"https:\\\/\\\/lepoulbot.com\\\/blog-du-restaurant-le-poulbot\\\/#breadcrumb\",\"itemListElement\":[{\"@type\":\"ListItem\",\"position\":1,\"name\":\"Home\",\"item\":\"https:\\\/\\\/lepoulbot.com\\\/\"},{\"@type\":\"ListItem\",\"position\":2,\"name\":\"Blog\"}]},{\"@type\":\"WebSite\",\"@id\":\"https:\\\/\\\/lepoulbot.com\\\/#website\",\"url\":\"https:\\\/\\\/lepoulbot.com\\\/\",\"name\":\"Le Poulbot\",\"description\":\"Restaurant traditionnelle Montmartre, les meilleurs avis sur Tripavdisor, google avis.\",\"publisher\":{\"@id\":\"https:\\\/\\\/lepoulbot.com\\\/#organization\"},\"alternateName\":\"Restaurant Montmartre paris france\",\"potentialAction\":[{\"@type\":\"SearchAction\",\"target\":{\"@type\":\"EntryPoint\",\"urlTemplate\":\"https:\\\/\\\/lepoulbot.com\\\/?s={search_term_string}\"},\"query-input\":{\"@type\":\"PropertyValueSpecification\",\"valueRequired\":true,\"valueName\":\"search_term_string\"}}],\"inLanguage\":\"en-GB\"},{\"@type\":\"Organization\",\"@id\":\"https:\\\/\\\/lepoulbot.com\\\/#organization\",\"name\":\"Restaurant LE POULBOT\",\"alternateName\":\"LE POULBOT\",\"url\":\"https:\\\/\\\/lepoulbot.com\\\/\",\"logo\":{\"@type\":\"ImageObject\",\"inLanguage\":\"en-GB\",\"@id\":\"https:\\\/\\\/lepoulbot.com\\\/#\\\/schema\\\/logo\\\/image\\\/\",\"url\":\"https:\\\/\\\/i0.wp.com\\\/cty.hju.mybluehost.me\\\/wp-content\\\/uploads\\\/2017\\\/11\\\/Web_TinyPNG_resize-per-2_Logo_Poulbot_PNG.png?fit=159%2C113&ssl=1\",\"contentUrl\":\"https:\\\/\\\/i0.wp.com\\\/cty.hju.mybluehost.me\\\/wp-content\\\/uploads\\\/2017\\\/11\\\/Web_TinyPNG_resize-per-2_Logo_Poulbot_PNG.png?fit=159%2C113&ssl=1\",\"width\":159,\"height\":113,\"caption\":\"Restaurant LE POULBOT\"},\"image\":{\"@id\":\"https:\\\/\\\/lepoulbot.com\\\/#\\\/schema\\\/logo\\\/image\\\/\"},\"sameAs\":[\"https:\\\/\\\/www.facebook.com\\\/LePoulbotMontmartre\\\/\",\"https:\\\/\\\/instagram.com\\\/lepoulbot\"],\"description\":\"Le Poulbot est un restaurant traditionnel fran\u00e7ais situ\u00e9 \u00e0 Montmartre, proche du Sacr\u00e9-C\u0153ur. Nous proposons une cuisine de bistro faite maison, inspir\u00e9e des sp\u00e9cialit\u00e9s r\u00e9gionales fran\u00e7aises : confit de canard, boeuf Bourguignon, escargots, soupe \u00e0 l'oignon, cr\u00e8me br\u00fbl\u00e9e. Chaque assiette rend hommage \u00e0 la gastronomie fran\u00e7aise. Profitez de notre terrasse rue Poulbot \u00e0 la belle saison. Une adresse authentique pour savourer la gastronomie fran\u00e7aise \u00e0 Paris 18e en service continu. D\u00e9couvrez notre s\u00e9lection de vins natures pour accompagner votre assiette. Nous sommes ouverts \u00e0 la privatisation !\",\"email\":\"lepoulbotmontmartre@gmail.com\",\"telephone\":\"01 42 23 32 07\",\"legalName\":\"le poulbot\",\"vatID\":\"FR77830592721\",\"taxID\":\"83059272100013\",\"publishingPrinciples\":\"https:\\\/\\\/lepoulbot.com\\\/\",\"ownershipFundingInfo\":\"https:\\\/\\\/lepoulbot.com\\\/\",\"correctionsPolicy\":\"https:\\\/\\\/lepoulbot.com\\\/\"}]}<\/script>\n<!-- \/ Yoast SEO Premium plugin. -->","yoast_head_json":{"title":"Blog du restaurant \u00abLE POULBOT\u00bb, Paris (75018), \u00e0 Montmartre","description":"Venez d\u00e9couvrir ou suivre notre actualit\u00e9, nos soir\u00e9es \u00e0 th\u00e8me, nos coups de c\u0153ur et \u00e9v\u00e8nements. Abonnez-vous au Blog du Poulbot pour vous tenir inform\u00e9","robots":{"index":"index","follow":"follow","max-snippet":"max-snippet:-1","max-image-preview":"max-image-preview:large","max-video-preview":"max-video-preview:-1"},"canonical":"https:\/\/lepoulbot.com\/en\/blog-du-restaurant-le-poulbot\/","og_locale":"en_GB","og_type":"article","og_title":"Blog","og_description":"Le Poulbot est un restaurant traditionnel fran\u00e7ais situ\u00e9 \u00e0 Montmartre, proche du Sacr\u00e9-C\u0153ur. Nous proposons une cuisine de bistro faite maison, inspir\u00e9e des sp\u00e9cialit\u00e9s r\u00e9gionales fran\u00e7aises : confit de canard, boeuf Bourguignon, escargots, soupe \u00e0 l'oignon, cr\u00e8me br\u00fbl\u00e9e. Chaque assiette rend hommage \u00e0 la gastronomie fran\u00e7aise. Profitez de notre terrasse rue Poulbot \u00e0 la belle saison. Une adresse authentique pour savourer la gastronomie fran\u00e7aise \u00e0 Paris 18e en service continu. D\u00e9couvrez notre s\u00e9lection de vins natures pour accompagner votre assiette. Nous sommes ouverts \u00e0 la privatisation !","og_url":"https:\/\/lepoulbot.com\/en\/blog-du-restaurant-le-poulbot\/","og_site_name":"Le Poulbot","article_publisher":"https:\/\/www.facebook.com\/LePoulbotMontmartre\/","article_modified_time":"2017-12-02T18:52:02+00:00","og_image":[{"width":878,"height":867,"url":"https:\/\/i0.wp.com\/lepoulbot.com\/wp-content\/uploads\/2025\/06\/IMG_81567A23EA7F-1.png?fit=878%2C867&ssl=1","type":"image\/png"}],"twitter_card":"summary_large_image","twitter_misc":{"Estimated reading time":"3 minutes"},"schema":{"@context":"https:\/\/schema.org","@graph":[{"@type":"WebPage","@id":"https:\/\/lepoulbot.com\/blog-du-restaurant-le-poulbot\/","url":"https:\/\/lepoulbot.com\/blog-du-restaurant-le-poulbot\/","name":"Blog du restaurant \u00abLE POULBOT\u00bb, Paris (75018), \u00e0 Montmartre","isPartOf":{"@id":"https:\/\/lepoulbot.com\/#website"},"datePublished":"2017-10-21T15:43:41+00:00","dateModified":"2017-12-02T18:52:02+00:00","description":"Venez d\u00e9couvrir ou suivre notre actualit\u00e9, nos soir\u00e9es \u00e0 th\u00e8me, nos coups de c\u0153ur et \u00e9v\u00e8nements. Abonnez-vous au Blog du Poulbot pour vous tenir inform\u00e9","breadcrumb":{"@id":"https:\/\/lepoulbot.com\/blog-du-restaurant-le-poulbot\/#breadcrumb"},"inLanguage":"en-GB","potentialAction":[{"@type":"ReadAction","target":["https:\/\/lepoulbot.com\/blog-du-restaurant-le-poulbot\/"]}]},{"@type":"BreadcrumbList","@id":"https:\/\/lepoulbot.com\/blog-du-restaurant-le-poulbot\/#breadcrumb","itemListElement":[{"@type":"ListItem","position":1,"name":"Home","item":"https:\/\/lepoulbot.com\/"},{"@type":"ListItem","position":2,"name":"Blog"}]},{"@type":"WebSite","@id":"https:\/\/lepoulbot.com\/#website","url":"https:\/\/lepoulbot.com\/","name":"Le Poulbot","description":"Restaurant traditionnelle Montmartre, les meilleurs avis sur Tripavdisor, google avis.","publisher":{"@id":"https:\/\/lepoulbot.com\/#organization"},"alternateName":"Restaurant Montmartre paris france","potentialAction":[{"@type":"SearchAction","target":{"@type":"EntryPoint","urlTemplate":"https:\/\/lepoulbot.com\/?s={search_term_string}"},"query-input":{"@type":"PropertyValueSpecification","valueRequired":true,"valueName":"search_term_string"}}],"inLanguage":"en-GB"},{"@type":"Organization","@id":"https:\/\/lepoulbot.com\/#organization","name":"Restaurant LE POULBOT","alternateName":"LE POULBOT","url":"https:\/\/lepoulbot.com\/","logo":{"@type":"ImageObject","inLanguage":"en-GB","@id":"https:\/\/lepoulbot.com\/#\/schema\/logo\/image\/","url":"https:\/\/i0.wp.com\/cty.hju.mybluehost.me\/wp-content\/uploads\/2017\/11\/Web_TinyPNG_resize-per-2_Logo_Poulbot_PNG.png?fit=159%2C113&ssl=1","contentUrl":"https:\/\/i0.wp.com\/cty.hju.mybluehost.me\/wp-content\/uploads\/2017\/11\/Web_TinyPNG_resize-per-2_Logo_Poulbot_PNG.png?fit=159%2C113&ssl=1","width":159,"height":113,"caption":"Restaurant LE POULBOT"},"image":{"@id":"https:\/\/lepoulbot.com\/#\/schema\/logo\/image\/"},"sameAs":["https:\/\/www.facebook.com\/LePoulbotMontmartre\/","https:\/\/instagram.com\/lepoulbot"],"description":"Le Poulbot est un restaurant traditionnel fran\u00e7ais situ\u00e9 \u00e0 Montmartre, proche du Sacr\u00e9-C\u0153ur. Nous proposons une cuisine de bistro faite maison, inspir\u00e9e des sp\u00e9cialit\u00e9s r\u00e9gionales fran\u00e7aises : confit de canard, boeuf Bourguignon, escargots, soupe \u00e0 l'oignon, cr\u00e8me br\u00fbl\u00e9e. Chaque assiette rend hommage \u00e0 la gastronomie fran\u00e7aise. Profitez de notre terrasse rue Poulbot \u00e0 la belle saison. Une adresse authentique pour savourer la gastronomie fran\u00e7aise \u00e0 Paris 18e en service continu. D\u00e9couvrez notre s\u00e9lection de vins natures pour accompagner votre assiette. Nous sommes ouverts \u00e0 la privatisation !","email":"lepoulbotmontmartre@gmail.com","telephone":"01 42 23 32 07","legalName":"le poulbot","vatID":"FR77830592721","taxID":"83059272100013","publishingPrinciples":"https:\/\/lepoulbot.com\/","ownershipFundingInfo":"https:\/\/lepoulbot.com\/","correctionsPolicy":"https:\/\/lepoulbot.com\/"}]}},"jetpack_sharing_enabled":true,"jetpack_shortlink":"https:\/\/wp.me\/P9n6Gl-56","_links":{"self":[{"href":"https:\/\/lepoulbot.com\/en\/wp-json\/wp\/v2\/pages\/316","targetHints":{"allow":["GET"]}}],"collection":[{"href":"https:\/\/lepoulbot.com\/en\/wp-json\/wp\/v2\/pages"}],"about":[{"href":"https:\/\/lepoulbot.com\/en\/wp-json\/wp\/v2\/types\/page"}],"author":[{"embeddable":true,"href":"https:\/\/lepoulbot.com\/en\/wp-json\/wp\/v2\/users\/2"}],"replies":[{"embeddable":true,"href":"https:\/\/lepoulbot.com\/en\/wp-json\/wp\/v2\/comments?post=316"}],"version-history":[{"count":5,"href":"https:\/\/lepoulbot.com\/en\/wp-json\/wp\/v2\/pages\/316\/revisions"}],"predecessor-version":[{"id":31410,"href":"https:\/\/lepoulbot.com\/en\/wp-json\/wp\/v2\/pages\/316\/revisions\/31410"}],"wp:attachment":[{"href":"https:\/\/lepoulbot.com\/en\/wp-json\/wp\/v2\/media?parent=316"}],"curies":[{"name":"wp","href":"https:\/\/api.w.org\/{rel}","templated":true}]}}